{"id":66,"date":"2014-09-23T18:32:04","date_gmt":"2014-09-23T16:32:04","guid":{"rendered":"http:\/\/www.c-l-e.de\/?page_id=66"},"modified":"2016-03-19T03:51:47","modified_gmt":"2016-03-19T01:51:47","slug":"kontakt","status":"publish","type":"page","link":"https:\/\/www.c-l-e.de\/?page_id=66","title":{"rendered":"Kontakt"},"content":{"rendered":"<p>Vielen Dank f\u00fcr Ihren Besuch auf unserer Webseite.<\/p>\n<p>Gerne senden wir Ihnen \u2013 nach einem unverbindlichen Erstkontakt \u2013 weitere Informationen zu.<\/p>\n<p>Wir freuen uns, Sie von unserem Angebot pers\u00f6nlich \u00fcberzeugen zu k\u00f6nnen.<\/p>\n<p>Petra D\u00f6bler<br \/>\nGattenh\u00f6ferweg 25c<br \/>\nD &#8211; 61440 Oberursel<br \/>\n+49.(0)172.7650 810<br \/>\n<strong><a href=\"mailto:info@c-l-e.de\">info@c-l-e.de<\/a><\/strong><\/p>\n<p>&nbsp;<\/p>\n<p>&nbsp;<\/p>\n<p>&nbsp;<\/p>\n","protected":false},"excerpt":{"rendered":"<p>Vielen Dank f\u00fcr Ihren Besuch auf unserer Webseite. Gerne senden wir Ihnen \u2013 nach einem unverbindlichen Erstkontakt \u2013 weitere Informationen zu. Wir freuen uns, Sie von unserem Angebot pers\u00f6nlich \u00fcberzeugen zu k\u00f6nnen. Petra D\u00f6bler Gattenh\u00f6ferweg 25c D &#8211; 61440 Oberursel &hellip; <a href=\"https:\/\/www.c-l-e.de\/?page_id=66\">Weiterlesen <span class=\"meta-nav\">&rarr;<\/span><\/a><\/p>\n","protected":false},"author":1,"featured_media":0,"parent":0,"menu_order":6,"comment_status":"closed","ping_status":"closed","template":"","meta":[],"_links":{"self":[{"href":"https:\/\/www.c-l-e.de\/index.php?rest_route=\/wp\/v2\/pages\/66"}],"collection":[{"href":"https:\/\/www.c-l-e.de\/index.php?rest_route=\/wp\/v2\/pages"}],"about":[{"href":"https:\/\/www.c-l-e.de\/index.php?rest_route=\/wp\/v2\/types\/page"}],"author":[{"embeddable":true,"href":"https:\/\/www.c-l-e.de\/index.php?rest_route=\/wp\/v2\/users\/1"}],"replies":[{"embeddable":true,"href":"https:\/\/www.c-l-e.de\/index.php?rest_route=%2Fwp%2Fv2%2Fcomments&post=66"}],"version-history":[{"count":16,"href":"https:\/\/www.c-l-e.de\/index.php?rest_route=\/wp\/v2\/pages\/66\/revisions"}],"predecessor-version":[{"id":202,"href":"https:\/\/www.c-l-e.de\/index.php?rest_route=\/wp\/v2\/pages\/66\/revisions\/202"}],"wp:attachment":[{"href":"https:\/\/www.c-l-e.de\/index.php?rest_route=%2Fwp%2Fv2%2Fmedia&parent=66"}],"curies":[{"name":"wp","href":"https:\/\/api.w.org\/{rel}","templated":true}]}}