{"id":55,"date":"2014-09-16T16:33:15","date_gmt":"2014-09-16T14:33:15","guid":{"rendered":"http:\/\/www.c-l-e.de\/?page_id=55"},"modified":"2016-03-19T03:44:06","modified_gmt":"2016-03-19T01:44:06","slug":"corporate-learning-excellence","status":"publish","type":"page","link":"https:\/\/www.c-l-e.de\/","title":{"rendered":"Corporate Learning Excellence"},"content":{"rendered":"<p><strong><\/strong><strong>Exzellente Bildungsl\u00f6sungen <\/strong><\/p>\n<ul>\n<li><span style=\"color: #000000;\">bestechen durch moderne und technologiegest\u00fctzte Lernmethoden<\/span><\/li>\n<li><span style=\"color: #000000;\">richten sich an den strategischen Anforderungen Ihres Unternehmens aus<\/span><\/li>\n<li><span style=\"color: #000000;\">sind nachhaltig und am \u201eExcellence&#8220;-Gedanken ausgerichtet<\/span><\/li>\n<\/ul>\n<p><span style=\"color: #000000;\">Wir erkennen die Potenziale und Impulse von Excellence- und Qualit\u00e4ts-Modellen.<br \/>\n<\/span><span style=\"color: #000000;\">Wir machen diese Potenziale und Impulse anwendbar f\u00fcr alle Branchen und Unternehmensgr\u00f6\u00dfen und fokussieren dabei auf Themen der Personalentwicklung und Qualifizierung.<\/span><\/p>\n<p><span style=\"color: #000000;\">\u00a0<\/span><span style=\"color: #000000;\">\u201e<strong>Corporate Learning Excellence<\/strong>\u201c zeichnet sich aus durch:<\/span><\/p>\n<ul>\n<li><span style=\"color: #000000;\">Prozess- und Ergebnisorientierung <\/span><\/li>\n<li><span style=\"color: #000000;\">Mitarbeiter-, Kundenorientierung<\/span><\/li>\n<li><span style=\"color: #000000;\">\u201estate of the art\u201d Lernmethoden <\/span><\/li>\n<li><span style=\"color: #000000;\">Einbeziehung moderner Lerntheorien<\/span><\/li>\n<li><span style=\"color: #000000;\">Ber\u00fccksichtigung demografischer Ver\u00e4nderungen<\/span><\/li>\n<li><span style=\"color: #000000;\">Unterst\u00fctzung des Unternehmenserfolgs<\/span><\/li>\n<\/ul>\n<p>\u201e<strong>Corporate Learning Excellence<\/strong>\u201c ist motivierend, attraktiv, wirtschaftlich und macht Ihr Unternehmen in Bildungsfragen zukunftsf\u00e4hig.<\/p>\n<p>&nbsp;<\/p>\n","protected":false},"excerpt":{"rendered":"<p>Exzellente Bildungsl\u00f6sungen bestechen durch moderne und technologiegest\u00fctzte Lernmethoden richten sich an den strategischen Anforderungen Ihres Unternehmens aus sind nachhaltig und am \u201eExcellence&#8220;-Gedanken ausgerichtet Wir erkennen die Potenziale und Impulse von Excellence- und Qualit\u00e4ts-Modellen. Wir machen diese Potenziale und Impulse anwendbar &hellip; <a href=\"https:\/\/www.c-l-e.de\/\">Weiterlesen <span class=\"meta-nav\">&rarr;<\/span><\/a><\/p>\n","protected":false},"author":1,"featured_media":0,"parent":0,"menu_order":1,"comment_status":"closed","ping_status":"open","template":"","meta":[],"_links":{"self":[{"href":"https:\/\/www.c-l-e.de\/index.php?rest_route=\/wp\/v2\/pages\/55"}],"collection":[{"href":"https:\/\/www.c-l-e.de\/index.php?rest_route=\/wp\/v2\/pages"}],"about":[{"href":"https:\/\/www.c-l-e.de\/index.php?rest_route=\/wp\/v2\/types\/page"}],"author":[{"embeddable":true,"href":"https:\/\/www.c-l-e.de\/index.php?rest_route=\/wp\/v2\/users\/1"}],"replies":[{"embeddable":true,"href":"https:\/\/www.c-l-e.de\/index.php?rest_route=%2Fwp%2Fv2%2Fcomments&post=55"}],"version-history":[{"count":26,"href":"https:\/\/www.c-l-e.de\/index.php?rest_route=\/wp\/v2\/pages\/55\/revisions"}],"predecessor-version":[{"id":62,"href":"https:\/\/www.c-l-e.de\/index.php?rest_route=\/wp\/v2\/pages\/55\/revisions\/62"}],"wp:attachment":[{"href":"https:\/\/www.c-l-e.de\/index.php?rest_route=%2Fwp%2Fv2%2Fmedia&parent=55"}],"curies":[{"name":"wp","href":"https:\/\/api.w.org\/{rel}","templated":true}]}}