{"id":246,"date":"2016-03-19T03:58:48","date_gmt":"2016-03-19T01:58:48","guid":{"rendered":"http:\/\/www.c-l-e.de\/?page_id=246"},"modified":"2016-03-19T04:32:25","modified_gmt":"2016-03-19T02:32:25","slug":"lehrtatigkeit","status":"publish","type":"page","link":"https:\/\/www.c-l-e.de\/?page_id=246","title":{"rendered":"Lehrt\u00e4tigkeit"},"content":{"rendered":"<h1><strong>Corporate Learning Excellence in der Hochschullehre<\/strong><\/h1>\n<p>An der Hochschule Darmstadt (H_DA) wird seit Wintersemester 2014\/2015 im Rahmen des Studiengangs IBWL in einem Projekt die Verkn\u00fcpfung der Grundideen des Excellence Ansatzes auf Basis des EFQM Modells mit Lernen im Unternehmen praktiziert.<\/p>\n<p><strong>Die Prinzipien des Excellence-Modells<\/strong><\/p>\n<ul>\n<li><span style=\"font-weight: 300;\">eindeutige Strategieverankerung von Konzepten<\/span><\/li>\n<li><span style=\"font-weight: 300;\">klare Zieldefinition vor Beginn des Projekts inklusive Definition von Mess- und Erfolgsgr\u00f6\u00dfen<\/span><\/li>\n<li><span style=\"font-weight: 300;\">laufendes Projekt-Monitoring im Sinne eines selbstlernenden und sich optimierenden Projektprozesses<\/span><\/li>\n<li><span style=\"font-weight: 300;\">Evaluation der Ergebnisse<\/span><\/li>\n<li><span style=\"font-weight: 300;\">&#8222;Lernen&#8220; aus Ergebnissen<\/span><\/li>\n<li><span style=\"font-weight: 300;\">Sorgf\u00e4ltiger, nachhaltiger und zielorientierter Einsatz von Ressourcen.<\/span><\/li>\n<\/ul>\n<p>Diese Kombination schlie\u00dft \u201eeine operative Management-L\u00fccke\u201c &#8211; n\u00e4mlich die systematische und ganz konkrete Verbindung von den vielen, vielen kleinen und gro\u00dfen Lernprozessen auf Einzel-, Team- und Abteilungsebenen zu den Lernprozessen auf organisatorischer Ebene\u201c (Prof. Dr. Werner Stork, Professor f\u00fcr Organisation und Management, H_DA, pers\u00f6nliche Mitteilung, 2015)<\/p>\n<p>Petra D\u00f6bler \u00fcbernimmt die fachliche Einweisung und Anleitung zum EFQM-Modell. Damit wird sichergestellt, dass das Qualifizierungskonzept als Ergebnis der Projektarbeit die Grundideen des Excellence-Ansatzes beinhaltet. Beim EFQM-Modell steht ein st\u00e4ndiger Verbesserungsprozess im Fokus. Neben den Projektergebnissen werden systematisch die Qualit\u00e4t des Prozesses analysiert und alle Vorgehensweisen regelm\u00e4\u00dfig \u00fcberpr\u00fcft. So werden die eigenen Prozesse kontinuierlich verbessert und:<br \/>\nEs entsteht Corporate Learning Excellence \u2013 Excellence im Lernkontext eines Unternehmens<\/p>\n<p><img loading=\"lazy\" class=\"alignleft size-full wp-image-258\" title=\"excellence_lernen\" src=\"http:\/\/www.c-l-e.de\/wp-content\/uploads\/2016\/03\/excellence_lernen.jpg\" alt=\"\" width=\"561\" height=\"416\" srcset=\"https:\/\/www.c-l-e.de\/wp-content\/uploads\/2016\/03\/excellence_lernen.jpg 561w, https:\/\/www.c-l-e.de\/wp-content\/uploads\/2016\/03\/excellence_lernen-300x222.jpg 300w, https:\/\/www.c-l-e.de\/wp-content\/uploads\/2016\/03\/excellence_lernen-404x300.jpg 404w\" sizes=\"(max-width: 561px) 100vw, 561px\" \/><\/p>\n","protected":false},"excerpt":{"rendered":"<p>Corporate Learning Excellence in der Hochschullehre An der Hochschule Darmstadt (H_DA) wird seit Wintersemester 2014\/2015 im Rahmen des Studiengangs IBWL in einem Projekt die Verkn\u00fcpfung der Grundideen des Excellence Ansatzes auf Basis des EFQM Modells mit Lernen im Unternehmen praktiziert. &hellip; <a href=\"https:\/\/www.c-l-e.de\/?page_id=246\">Weiterlesen <span class=\"meta-nav\">&rarr;<\/span><\/a><\/p>\n","protected":false},"author":1,"featured_media":0,"parent":0,"menu_order":4,"comment_status":"closed","ping_status":"closed","template":"","meta":[],"_links":{"self":[{"href":"https:\/\/www.c-l-e.de\/index.php?rest_route=\/wp\/v2\/pages\/246"}],"collection":[{"href":"https:\/\/www.c-l-e.de\/index.php?rest_route=\/wp\/v2\/pages"}],"about":[{"href":"https:\/\/www.c-l-e.de\/index.php?rest_route=\/wp\/v2\/types\/page"}],"author":[{"embeddable":true,"href":"https:\/\/www.c-l-e.de\/index.php?rest_route=\/wp\/v2\/users\/1"}],"replies":[{"embeddable":true,"href":"https:\/\/www.c-l-e.de\/index.php?rest_route=%2Fwp%2Fv2%2Fcomments&post=246"}],"version-history":[{"count":18,"href":"https:\/\/www.c-l-e.de\/index.php?rest_route=\/wp\/v2\/pages\/246\/revisions"}],"predecessor-version":[{"id":265,"href":"https:\/\/www.c-l-e.de\/index.php?rest_route=\/wp\/v2\/pages\/246\/revisions\/265"}],"wp:attachment":[{"href":"https:\/\/www.c-l-e.de\/index.php?rest_route=%2Fwp%2Fv2%2Fmedia&parent=246"}],"curies":[{"name":"wp","href":"https:\/\/api.w.org\/{rel}","templated":true}]}}